{"id":1263,"date":"2024-08-13T21:34:11","date_gmt":"2024-08-13T21:34:11","guid":{"rendered":"https:\/\/a2.metrosan.pl\/?page_id=1263"},"modified":"2025-10-06T09:51:52","modified_gmt":"2025-10-06T09:51:52","slug":"skrzyzowania-ul-jagiellonskiej-kosciuszki-oraz-3-maja-w-sanoku","status":"publish","type":"page","link":"https:\/\/sanok.live\/index.php\/skrzyzowania-ul-jagiellonskiej-kosciuszki-oraz-3-maja-w-sanoku\/","title":{"rendered":"Skrzy\u017cowania ul. Jagiello\u0144skiej, Ko\u015bciuszki oraz 3 Maja w Sanoku"},"content":{"rendered":"","protected":false},"excerpt":{"rendered":"","protected":false},"author":1,"featured_media":0,"parent":0,"menu_order":0,"comment_status":"closed","ping_status":"closed","template":"","meta":{"iawp_total_views":1973,"footnotes":""},"class_list":["post-1263","page","type-page","status-publish","hentry"],"acf":[],"_links":{"self":[{"href":"https:\/\/sanok.live\/index.php\/wp-json\/wp\/v2\/pages\/1263","targetHints":{"allow":["GET"]}}],"collection":[{"href":"https:\/\/sanok.live\/index.php\/wp-json\/wp\/v2\/pages"}],"about":[{"href":"https:\/\/sanok.live\/index.php\/wp-json\/wp\/v2\/types\/page"}],"author":[{"embeddable":true,"href":"https:\/\/sanok.live\/index.php\/wp-json\/wp\/v2\/users\/1"}],"replies":[{"embeddable":true,"href":"https:\/\/sanok.live\/index.php\/wp-json\/wp\/v2\/comments?post=1263"}],"version-history":[{"count":8,"href":"https:\/\/sanok.live\/index.php\/wp-json\/wp\/v2\/pages\/1263\/revisions"}],"predecessor-version":[{"id":2140,"href":"https:\/\/sanok.live\/index.php\/wp-json\/wp\/v2\/pages\/1263\/revisions\/2140"}],"wp:attachment":[{"href":"https:\/\/sanok.live\/index.php\/wp-json\/wp\/v2\/media?parent=1263"}],"curies":[{"name":"wp","href":"https:\/\/api.w.org\/{rel}","templated":true}]}}