{"id":1244,"date":"2024-08-13T21:34:33","date_gmt":"2024-08-13T21:34:33","guid":{"rendered":"https:\/\/a2.metrosan.pl\/?page_id=1244"},"modified":"2025-10-06T09:58:04","modified_gmt":"2025-10-06T09:58:04","slug":"wnetrze-kaplicy-sw-andrzeja-boboli-bobolowka-w-strachocinie","status":"publish","type":"page","link":"https:\/\/sanok.live\/index.php\/wnetrze-kaplicy-sw-andrzeja-boboli-bobolowka-w-strachocinie\/","title":{"rendered":"Wn\u0119trze Kaplicy \u015bw. Andrzeja Boboli &quot;Bobol\u00f3wka&quot; w Strachocinie"},"content":{"rendered":"","protected":false},"excerpt":{"rendered":"","protected":false},"author":1,"featured_media":1118,"parent":0,"menu_order":0,"comment_status":"closed","ping_status":"closed","template":"","meta":{"iawp_total_views":101,"footnotes":""},"class_list":["post-1244","page","type-page","status-publish","has-post-thumbnail","hentry"],"acf":[],"_links":{"self":[{"href":"https:\/\/sanok.live\/index.php\/wp-json\/wp\/v2\/pages\/1244","targetHints":{"allow":["GET"]}}],"collection":[{"href":"https:\/\/sanok.live\/index.php\/wp-json\/wp\/v2\/pages"}],"about":[{"href":"https:\/\/sanok.live\/index.php\/wp-json\/wp\/v2\/types\/page"}],"author":[{"embeddable":true,"href":"https:\/\/sanok.live\/index.php\/wp-json\/wp\/v2\/users\/1"}],"replies":[{"embeddable":true,"href":"https:\/\/sanok.live\/index.php\/wp-json\/wp\/v2\/comments?post=1244"}],"version-history":[{"count":12,"href":"https:\/\/sanok.live\/index.php\/wp-json\/wp\/v2\/pages\/1244\/revisions"}],"predecessor-version":[{"id":2149,"href":"https:\/\/sanok.live\/index.php\/wp-json\/wp\/v2\/pages\/1244\/revisions\/2149"}],"wp:featuredmedia":[{"embeddable":true,"href":"https:\/\/sanok.live\/index.php\/wp-json\/wp\/v2\/media\/1118"}],"wp:attachment":[{"href":"https:\/\/sanok.live\/index.php\/wp-json\/wp\/v2\/media?parent=1244"}],"curies":[{"name":"wp","href":"https:\/\/api.w.org\/{rel}","templated":true}]}}