{"id":1026,"date":"2024-07-16T12:17:35","date_gmt":"2024-07-16T12:17:35","guid":{"rendered":"https:\/\/a2.metrosan.pl\/?page_id=1026"},"modified":"2025-10-06T09:56:20","modified_gmt":"2025-10-06T09:56:20","slug":"wnetrze-kosciola-p-w-chrystusa-krola-w-sanoku","status":"publish","type":"page","link":"https:\/\/sanok.live\/index.php\/wnetrze-kosciola-p-w-chrystusa-krola-w-sanoku\/","title":{"rendered":"Wn\u0119trze ko\u015bcio\u0142a p.w. Chrystusa Kr\u00f3la w Sanoku"},"content":{"rendered":"","protected":false},"excerpt":{"rendered":"","protected":false},"author":1,"featured_media":1118,"parent":0,"menu_order":0,"comment_status":"closed","ping_status":"closed","template":"","meta":{"iawp_total_views":214,"footnotes":""},"class_list":["post-1026","page","type-page","status-publish","has-post-thumbnail","hentry"],"acf":[],"_links":{"self":[{"href":"https:\/\/sanok.live\/index.php\/wp-json\/wp\/v2\/pages\/1026","targetHints":{"allow":["GET"]}}],"collection":[{"href":"https:\/\/sanok.live\/index.php\/wp-json\/wp\/v2\/pages"}],"about":[{"href":"https:\/\/sanok.live\/index.php\/wp-json\/wp\/v2\/types\/page"}],"author":[{"embeddable":true,"href":"https:\/\/sanok.live\/index.php\/wp-json\/wp\/v2\/users\/1"}],"replies":[{"embeddable":true,"href":"https:\/\/sanok.live\/index.php\/wp-json\/wp\/v2\/comments?post=1026"}],"version-history":[{"count":53,"href":"https:\/\/sanok.live\/index.php\/wp-json\/wp\/v2\/pages\/1026\/revisions"}],"predecessor-version":[{"id":2146,"href":"https:\/\/sanok.live\/index.php\/wp-json\/wp\/v2\/pages\/1026\/revisions\/2146"}],"wp:featuredmedia":[{"embeddable":true,"href":"https:\/\/sanok.live\/index.php\/wp-json\/wp\/v2\/media\/1118"}],"wp:attachment":[{"href":"https:\/\/sanok.live\/index.php\/wp-json\/wp\/v2\/media?parent=1026"}],"curies":[{"name":"wp","href":"https:\/\/api.w.org\/{rel}","templated":true}]}}